{"id":227,"date":"2021-07-07T10:40:12","date_gmt":"2021-07-07T08:40:12","guid":{"rendered":"http:\/\/expasia.fr\/?page_id=227"},"modified":"2021-08-09T16:10:21","modified_gmt":"2021-08-09T14:10:21","slug":"nos-prestations","status":"publish","type":"page","link":"https:\/\/expasia.fr\/?page_id=227","title":{"rendered":"NOS PRESTATIONS"},"content":{"rendered":"<p>[et_pb_section fb_built=\u00a0\u00bb1&Prime; _builder_version=\u00a0\u00bb4.9.7&Prime; _module_preset=\u00a0\u00bbdefault\u00a0\u00bb hover_enabled=\u00a0\u00bb0&Prime; sticky_enabled=\u00a0\u00bb0&Prime; title_text=\u00a0\u00bbbenjamin-wong-c8ioq1LH_mI-unsplash\u00a0\u00bb background_image=\u00a0\u00bbhttp:\/\/expasia.fr\/wp-content\/uploads\/2021\/08\/benjamin-wong-c8ioq1LH_mI-unsplash-1024&#215;683.jpg\u00a0\u00bb custom_padding=\u00a0\u00bb||318px|||\u00a0\u00bb][et_pb_row _builder_version=\u00a0\u00bb4.9.7&Prime; _module_preset=\u00a0\u00bbdefault\u00a0\u00bb][et_pb_column _builder_version=\u00a0\u00bb4.9.7&Prime; _module_preset=\u00a0\u00bbdefault\u00a0\u00bb type=\u00a0\u00bb4_4&Prime;][et_pb_text _builder_version=\u00a0\u00bb4.9.7&Prime; _module_preset=\u00a0\u00bbdefault\u00a0\u00bb hover_enabled=\u00a0\u00bb0&Prime; sticky_enabled=\u00a0\u00bb0&Prime;]<\/p>\n<h1 style=\"text-align: center;\"><span style=\"color: #ffffff;\">VOS BESOINS, NOS PRESTATIONS\u00a0 \u00a0 \u00a0 \u00a0 \u00a0 \u00a0<\/span><\/h1>\n<p>[\/et_pb_text][\/et_pb_column][\/et_pb_row][\/et_pb_section][et_pb_section fb_built=\u00a0\u00bb1&Prime; _builder_version=\u00a0\u00bb4.9.7&Prime; _module_preset=\u00a0\u00bbdefault\u00a0\u00bb][et_pb_row _builder_version=\u00a0\u00bb4.9.7&Prime; _module_preset=\u00a0\u00bbdefault\u00a0\u00bb custom_padding=\u00a0\u00bb14px|||||\u00a0\u00bb custom_margin=\u00a0\u00bb-28px|auto||auto||\u00a0\u00bb][et_pb_column _builder_version=\u00a0\u00bb4.9.7&Prime; _module_preset=\u00a0\u00bbdefault\u00a0\u00bb type=\u00a0\u00bb4_4&Prime;][et_pb_text _builder_version=\u00a0\u00bb4.9.7&Prime; _module_preset=\u00a0\u00bbdefault\u00a0\u00bb hover_enabled=\u00a0\u00bb0&Prime; sticky_enabled=\u00a0\u00bb0&Prime;]<\/p>\n<p>ExpAsia c&rsquo;est l&rsquo;assurance d&rsquo;avoir un expert \u00e0 votre \u00e9coute et \u00e0 vos c\u00f4t\u00e9s pour toutes vos probl\u00e9matiques li\u00e9es au commerce international de produits agroalimentaires. Un partenaire de confiance hyper flexible pour vous assister en diff\u00e9rents modes:<\/p>\n<ul>\n<li><a href=\"http:\/\/expasia.fr\/?page_id=225\">Conseil<\/a><\/li>\n<li><a href=\"http:\/\/expasia.fr\/?page_id=225\">Repr\u00e9sentation (agent commercial)<\/a><\/li>\n<li><a href=\"http:\/\/expasia.fr\/?page_id=218\">Mise en relation<\/a><\/li>\n<li><a href=\"http:\/\/expasia.fr\/?page_id=222\">Formation<\/a><\/li>\n<li><a href=\"http:\/\/expasia.fr\/?page_id=245\">Management d&rsquo;interim<\/a><\/li>\n<\/ul>\n<p>[\/et_pb_text][\/et_pb_column][\/et_pb_row][\/et_pb_section]<\/p>\n","protected":false},"excerpt":{"rendered":"<p>[et_pb_section fb_built=\u00a0\u00bb1&Prime; _builder_version=\u00a0\u00bb4.9.7&Prime; _module_preset=\u00a0\u00bbdefault\u00a0\u00bb hover_enabled=\u00a0\u00bb0&Prime; sticky_enabled=\u00a0\u00bb0&Prime; title_text=\u00a0\u00bbbenjamin-wong-c8ioq1LH_mI-unsplash\u00a0\u00bb background_image=\u00a0\u00bbhttp:\/\/expasia.fr\/wp-content\/uploads\/2021\/08\/benjamin-wong-c8ioq1LH_mI-unsplash-1024&#215;683.jpg\u00a0\u00bb custom_padding=\u00a0\u00bb||318px|||\u00a0\u00bb][et_pb_row _builder_version=\u00a0\u00bb4.9.7&Prime; _module_preset=\u00a0\u00bbdefault\u00a0\u00bb][et_pb_column _builder_version=\u00a0\u00bb4.9.7&Prime; _module_preset=\u00a0\u00bbdefault\u00a0\u00bb type=\u00a0\u00bb4_4&Prime;][et_pb_text _builder_version=\u00a0\u00bb4.9.7&Prime; _module_preset=\u00a0\u00bbdefault\u00a0\u00bb hover_enabled=\u00a0\u00bb0&Prime; sticky_enabled=\u00a0\u00bb0&Prime;] VOS BESOINS, NOS PRESTATIONS\u00a0 \u00a0 \u00a0 \u00a0 \u00a0 \u00a0 [\/et_pb_text][\/et_pb_column][\/et_pb_row][\/et_pb_section][et_pb_section fb_built=\u00a0\u00bb1&Prime; _builder_version=\u00a0\u00bb4.9.7&Prime; _module_preset=\u00a0\u00bbdefault\u00a0\u00bb][et_pb_row _builder_version=\u00a0\u00bb4.9.7&Prime; _module_preset=\u00a0\u00bbdefault\u00a0\u00bb custom_padding=\u00a0\u00bb14px|||||\u00a0\u00bb custom_margin=\u00a0\u00bb-28px|auto||auto||\u00a0\u00bb][et_pb_column _builder_version=\u00a0\u00bb4.9.7&Prime; _module_preset=\u00a0\u00bbdefault\u00a0\u00bb type=\u00a0\u00bb4_4&Prime;][et_pb_text _builder_version=\u00a0\u00bb4.9.7&Prime; _module_preset=\u00a0\u00bbdefault\u00a0\u00bb hover_enabled=\u00a0\u00bb0&Prime; sticky_enabled=\u00a0\u00bb0&Prime;] ExpAsia c&rsquo;est l&rsquo;assurance d&rsquo;avoir un expert \u00e0 votre \u00e9coute et \u00e0 vos c\u00f4t\u00e9s [&hellip;]<\/p>\n","protected":false},"author":1,"featured_media":0,"parent":0,"menu_order":0,"comment_status":"closed","ping_status":"closed","template":"","meta":{"_et_pb_use_builder":"on","_et_pb_old_content":"<!-- wp:divi\/placeholder \/-->","_et_gb_content_width":""},"_links":{"self":[{"href":"https:\/\/expasia.fr\/index.php?rest_route=\/wp\/v2\/pages\/227"}],"collection":[{"href":"https:\/\/expasia.fr\/index.php?rest_route=\/wp\/v2\/pages"}],"about":[{"href":"https:\/\/expasia.fr\/index.php?rest_route=\/wp\/v2\/types\/page"}],"author":[{"embeddable":true,"href":"https:\/\/expasia.fr\/index.php?rest_route=\/wp\/v2\/users\/1"}],"replies":[{"embeddable":true,"href":"https:\/\/expasia.fr\/index.php?rest_route=%2Fwp%2Fv2%2Fcomments&post=227"}],"version-history":[{"count":3,"href":"https:\/\/expasia.fr\/index.php?rest_route=\/wp\/v2\/pages\/227\/revisions"}],"predecessor-version":[{"id":460,"href":"https:\/\/expasia.fr\/index.php?rest_route=\/wp\/v2\/pages\/227\/revisions\/460"}],"wp:attachment":[{"href":"https:\/\/expasia.fr\/index.php?rest_route=%2Fwp%2Fv2%2Fmedia&parent=227"}],"curies":[{"name":"wp","href":"https:\/\/api.w.org\/{rel}","templated":true}]}}