{"id":58,"date":"2018-07-23T17:33:06","date_gmt":"2018-07-23T15:33:06","guid":{"rendered":"http:\/\/expasia.fr\/?page_id=58"},"modified":"2019-07-15T15:13:50","modified_gmt":"2019-07-15T13:13:50","slug":"contact-2","status":"publish","type":"page","link":"https:\/\/expasia.fr\/?page_id=58","title":{"rendered":"CONTACT"},"content":{"rendered":"<p><span style=\"font-family: tahoma, arial, helvetica, sans-serif; font-size: 14pt;\">N&rsquo;h\u00e9sitez pas \u00e0 nous contacter pour tout renseignement. Expasia est \u00e0 m\u00eame d&rsquo;intervenir sur des champs en dehors de ses sp\u00e9cialit\u00e9s (typologie de produit et\u00a0 couverture g\u00e9ographique notamment).<\/span><\/p>\n<p><span style=\"font-family: tahoma, arial, helvetica, sans-serif; font-size: 14pt;\">par mail: contact@expasia.fr<\/span><\/p>\n<p><span style=\"font-family: tahoma, arial, helvetica, sans-serif; font-size: 14pt;\">par t\u00e9l\u00e9phone: 06 43 97 51 38<\/span><\/p>\n<p><span style=\"font-family: tahoma, arial, helvetica, sans-serif; font-size: 14pt;\">\u00e0 tr\u00e8s bient\u00f4t<\/span><\/p>\n<p><img loading=\"lazy\" class=\"wp-image-104 aligncenter\" src=\"http:\/\/expasia.fr\/wp-content\/uploads\/2018\/07\/Wasabi-300x200.jpg\" alt=\"\" width=\"254\" height=\"169\" srcset=\"https:\/\/expasia.fr\/wp-content\/uploads\/2018\/07\/Wasabi-300x200.jpg 300w, https:\/\/expasia.fr\/wp-content\/uploads\/2018\/07\/Wasabi-768x512.jpg 768w, https:\/\/expasia.fr\/wp-content\/uploads\/2018\/07\/Wasabi.jpg 1000w\" sizes=\"(max-width: 254px) 100vw, 254px\" \/><\/p>\n<p><span style=\"font-family: tahoma, arial, helvetica, sans-serif; font-size: 14pt;\">Please feel free to contact us for any information. Expasia is able to take action out of its core business (other than Food products and outside Europe &#8211; Asia business)<\/span><\/p>\n<p><span style=\"font-family: tahoma, arial, helvetica, sans-serif; font-size: 14pt;\">by mail: contact@expasia.fr<\/span><\/p>\n<p><span style=\"font-family: tahoma, arial, helvetica, sans-serif; font-size: 14pt;\">by phone:\u00a033 (0)6 43 97 51 38<\/span><\/p>\n<p><span style=\"font-family: tahoma, arial, helvetica, sans-serif; font-size: 14pt;\">Looking forward to hearing from you soon\u00a0<\/span><\/p>\n<p><span style=\"font-family: tahoma, arial, helvetica, sans-serif; font-size: 14pt;\">Si\u00e8ge social \/ head office: 1 Rue Bir Hakeim 76620 Le Havre <\/span><\/p>\n<p><span style=\"font-family: tahoma, arial, helvetica, sans-serif; font-size: 14pt;\">SIRET: 450 590 526 000 31\u00a0<\/span><\/p>\n","protected":false},"excerpt":{"rendered":"<p>N&rsquo;h\u00e9sitez pas \u00e0 nous contacter pour tout renseignement. Expasia est \u00e0 m\u00eame d&rsquo;intervenir sur des champs en dehors de ses sp\u00e9cialit\u00e9s (typologie de produit et\u00a0 couverture g\u00e9ographique notamment). par mail: contact@expasia.fr par t\u00e9l\u00e9phone: 06 43 97 51 38 \u00e0 tr\u00e8s bient\u00f4t Please feel free to contact us for any information. Expasia is able to take [&hellip;]<\/p>\n","protected":false},"author":1,"featured_media":0,"parent":0,"menu_order":5,"comment_status":"closed","ping_status":"closed","template":"","meta":{"_et_pb_use_builder":"","_et_pb_old_content":"","_et_gb_content_width":""},"_links":{"self":[{"href":"https:\/\/expasia.fr\/index.php?rest_route=\/wp\/v2\/pages\/58"}],"collection":[{"href":"https:\/\/expasia.fr\/index.php?rest_route=\/wp\/v2\/pages"}],"about":[{"href":"https:\/\/expasia.fr\/index.php?rest_route=\/wp\/v2\/types\/page"}],"author":[{"embeddable":true,"href":"https:\/\/expasia.fr\/index.php?rest_route=\/wp\/v2\/users\/1"}],"replies":[{"embeddable":true,"href":"https:\/\/expasia.fr\/index.php?rest_route=%2Fwp%2Fv2%2Fcomments&post=58"}],"version-history":[{"count":9,"href":"https:\/\/expasia.fr\/index.php?rest_route=\/wp\/v2\/pages\/58\/revisions"}],"predecessor-version":[{"id":197,"href":"https:\/\/expasia.fr\/index.php?rest_route=\/wp\/v2\/pages\/58\/revisions\/197"}],"wp:attachment":[{"href":"https:\/\/expasia.fr\/index.php?rest_route=%2Fwp%2Fv2%2Fmedia&parent=58"}],"curies":[{"name":"wp","href":"https:\/\/api.w.org\/{rel}","templated":true}]}}